{"id":12838,"date":"2020-07-29T04:50:26","date_gmt":"2020-07-29T02:50:26","guid":{"rendered":"http:\/\/dev.rieckermann.it\/imprint\/"},"modified":"2025-07-31T09:13:51","modified_gmt":"2025-07-31T07:13:51","slug":"imprint","status":"publish","type":"page","link":"https:\/\/rieckermann.com\/vi\/imprint\/","title":{"rendered":"D\u1ea4U \u1ea4N"},"content":{"rendered":"<div id='av-layout-grid-1'  class='av-layout-grid-container av-6z6eem-ea50c6676155d1b88ea81a3852df78bd entry-content-wrapper main_color av-flex-cells  avia-builder-el-0  el_before_av_layout_row  avia-builder-el-first   container_wrap fullsize'  >\n\n<style type=\"text\/css\" data-created_by=\"avia_inline_auto\" id=\"style-css-av-6u768u-629c45a47d72c26a7823a0e9a8c1e2cf\">\n.flex_cell.av-6u768u-629c45a47d72c26a7823a0e9a8c1e2cf{\nvertical-align:middle;\nbackground-color:#ee2e24;\n}\n.responsive #top #wrap_all .flex_cell.av-6u768u-629c45a47d72c26a7823a0e9a8c1e2cf{\npadding:30px 60px 30px 60px !important;\n}\n<\/style>\n<div class='flex_cell av-6u768u-629c45a47d72c26a7823a0e9a8c1e2cf av-gridrow-cell av_one_full no_margin  avia-builder-el-1  avia-builder-el-no-sibling  content-align-middle'  ><div class='flex_cell_inner'>\n<style type=\"text\/css\" data-created_by=\"avia_inline_auto\" id=\"style-css-av-6o4eh2-76001b8905119b6463055d18970063d9\">\n#top .flex_column.av-6o4eh2-76001b8905119b6463055d18970063d9{\nmargin-top:0px;\nmargin-bottom:0px;\n}\n.flex_column.av-6o4eh2-76001b8905119b6463055d18970063d9{\nborder-radius:0px 0px 0px 0px;\npadding:0px 0px 0px 0px;\n}\n.responsive #top #wrap_all .flex_column.av-6o4eh2-76001b8905119b6463055d18970063d9{\nmargin-top:0px;\nmargin-bottom:0px;\n}\n<\/style>\n<div  class='flex_column av-6o4eh2-76001b8905119b6463055d18970063d9 av_one_full  avia-builder-el-2  avia-builder-el-no-sibling  first flex_column_div av-zero-column-padding  '     ><style type=\"text\/css\" data-created_by=\"avia_inline_auto\" id=\"style-css-av-6lil5q-cf15c080d720eb3e118593d24de1aec4\">\n#top .av_textblock_section.av-6lil5q-cf15c080d720eb3e118593d24de1aec4 .avia_textblock{\nfont-size:30px;\n}\n<\/style>\n<section  class='av_textblock_section av-6lil5q-cf15c080d720eb3e118593d24de1aec4 '   itemscope=\"itemscope\" itemtype=\"https:\/\/schema.org\/CreativeWork\" ><div class='avia_textblock'  itemprop=\"text\" ><h1 class=\"text-no-margin\">D\u1ea4U \u1ea4N<\/h1>\n<\/div><\/section><\/div>\n<\/div><\/div>\n<\/div>\n<div id='av-layout-grid-2'  class='av-layout-grid-container av-23d5h-cd61ebe571a7819ddfa1346e1c7a1280 entry-content-wrapper main_color av-flex-cells  avia-builder-el-4  el_after_av_layout_row  el_before_av_layout_row  grid-row-not-first  container_wrap fullsize'  >\n\n<style type=\"text\/css\" data-created_by=\"avia_inline_auto\" id=\"style-css-av-1d9kh-b8d3415174f437efc5fe84a0a0d8dbf1\">\n.flex_cell.av-1d9kh-b8d3415174f437efc5fe84a0a0d8dbf1{\nvertical-align:middle;\n}\n.responsive #top #wrap_all .flex_cell.av-1d9kh-b8d3415174f437efc5fe84a0a0d8dbf1{\npadding:0px 0px 0px 0px !important;\n}\n<\/style>\n<div class='flex_cell av-1d9kh-b8d3415174f437efc5fe84a0a0d8dbf1 av-gridrow-cell av_one_full no_margin  avia-builder-el-5  avia-builder-el-no-sibling  content-align-middle av-zero-padding'  ><div class='flex_cell_inner'>\n<style type=\"text\/css\" data-created_by=\"avia_inline_auto\" id=\"style-css-av-kabxep2c-bbe44a2fa1275d3860fef98afcdf941c\">\n#top .hr.hr-invisible.av-kabxep2c-bbe44a2fa1275d3860fef98afcdf941c{\nheight:50px;\n}\n<\/style>\n<div  class='hr av-kabxep2c-bbe44a2fa1275d3860fef98afcdf941c hr-invisible  avia-builder-el-6  avia-builder-el-no-sibling '><span class='hr-inner '><span class=\"hr-inner-style\"><\/span><\/span><\/div>\n<\/div><\/div>\n<\/div>\n<div id='av-layout-grid-3'  class='av-layout-grid-container av-6z6eem-7-ba25ce0e2cf9b8b8b05b0a8da3763690 entry-content-wrapper main_color av-flex-cells  avia-builder-el-7  el_after_av_layout_row  el_before_av_layout_row  grid-row-not-first  container_wrap fullsize'  >\n\n<style type=\"text\/css\" data-created_by=\"avia_inline_auto\" id=\"style-css-av-6u768u-6-9a36caa455490e2f9f28f2577f57b515\">\n.flex_cell.av-6u768u-6-9a36caa455490e2f9f28f2577f57b515{\nvertical-align:middle;\n}\n.responsive #top #wrap_all .flex_cell.av-6u768u-6-9a36caa455490e2f9f28f2577f57b515{\npadding:0px 60px 0px 60px !important;\n}\n<\/style>\n<div class='flex_cell av-6u768u-6-9a36caa455490e2f9f28f2577f57b515 av-gridrow-cell av_one_full no_margin  avia-builder-el-8  avia-builder-el-no-sibling  content-align-middle'  ><div class='flex_cell_inner'>\n<style type=\"text\/css\" data-created_by=\"avia_inline_auto\" id=\"style-css-av-6o4eh2-5-0eb5de338a8b5267f12835644d53762d\">\n#top .flex_column.av-6o4eh2-5-0eb5de338a8b5267f12835644d53762d{\nmargin-top:0px;\nmargin-bottom:0px;\n}\n.flex_column.av-6o4eh2-5-0eb5de338a8b5267f12835644d53762d{\nborder-radius:0px 0px 0px 0px;\npadding:0px 0px 0px 0px;\n}\n.responsive #top #wrap_all .flex_column.av-6o4eh2-5-0eb5de338a8b5267f12835644d53762d{\nmargin-top:0px;\nmargin-bottom:0px;\n}\n<\/style>\n<div  class='flex_column av-6o4eh2-5-0eb5de338a8b5267f12835644d53762d av_one_full  avia-builder-el-9  avia-builder-el-no-sibling  first flex_column_div av-zero-column-padding  '     ><section  class='av_textblock_section av-oylpi-b7ee283bd56f6aaa8b17dae4d6c8adbe '   itemscope=\"itemscope\" itemtype=\"https:\/\/schema.org\/CreativeWork\" ><div class='avia_textblock'  itemprop=\"text\" ><h2 class=\"text-default\">Rieckermann GmbH<\/h2>\n<p>Moenckebergstr. 10<br \/>\n20095 Hamburg<br \/>\nGermany<\/p>\n<p>\u0110i\u1ec7n tho\u1ea1i: + 49 (0) 40 \/ 320 20 \u2013 0<br \/>\nFax: + 49 (0) 40 \/ 320 20 \u2013 200<br \/>\nEmail:\u00a0<a href=\"mailto:info.vn@rieckermann.com\">info.vn@rieckermann.com<\/a><br \/>\nWeb:\u00a0<a href=\"https:\/\/rieckermann.com\/\">www.rieckermann.com<\/a><\/p>\n<p>\u0110\u0103ng k\u00fd c\u00f4ng ty: HRB 115421<br \/>\nQuy\u1ec1n h\u1ea1n: Hamburg<br \/>\nBan Gi\u00e1m \u0110\u1ed1c: Norbert Hansen, Philipp Staack, Flynn Seidel, Rolf Seidel<\/p>\n<p>S\u1ed1 V.A.T \u00a0\u00a0\u00a0\u00a0DE 274067071<\/p>\n<\/div><\/section><br \/>\n<section  class='av_textblock_section av-oylpi-1-810114a0835d0ae492c4d7fc557a9aa0 '   itemscope=\"itemscope\" itemtype=\"https:\/\/schema.org\/CreativeWork\" ><div class='avia_textblock'  itemprop=\"text\" ><p><a class=\"button-icon arrow\" href=\"\/vi\/career\/\">Ngh\u1ec1 nghi\u1ec7p<\/a><\/p>\n<p><a class=\"button-icon arrow\" href=\"https:\/\/rieckermann.com\/en\/terms-conditions\/\">\u0110i\u1ec1u ki\u1ec7n v\u00e0 \u0111i\u1ec1u kho\u1ea3n<\/a><\/p>\n<p><a class=\"button-icon arrow\" href=\"https:\/\/rieckermann.com\/en\/?page_id=2291\">Ch\u00ednh s\u00e1ch b\u1ea3o m\u1eadt quy\u1ec1n ri\u00eang t\u01b0<\/a><\/p>\n<\/div><\/section><\/p><\/div>\n<\/div><\/div><\/div><div id='av-layout-grid-4'  class='av-layout-grid-container av-23d5h-4-d03b6d1359eae5aa9ae3ec38702e9d64 entry-content-wrapper main_color av-flex-cells  avia-builder-el-12  el_after_av_layout_row  avia-builder-el-last  grid-row-not-first  container_wrap fullsize'  >\n\n<style type=\"text\/css\" data-created_by=\"avia_inline_auto\" id=\"style-css-av-1d9kh-3-6930df031dd4b633c28ccd9fe0ea6c71\">\n.flex_cell.av-1d9kh-3-6930df031dd4b633c28ccd9fe0ea6c71{\nvertical-align:middle;\n}\n.responsive #top #wrap_all .flex_cell.av-1d9kh-3-6930df031dd4b633c28ccd9fe0ea6c71{\npadding:0px 0px 0px 0px !important;\n}\n<\/style>\n<div class='flex_cell av-1d9kh-3-6930df031dd4b633c28ccd9fe0ea6c71 av-gridrow-cell av_one_full no_margin  avia-builder-el-13  avia-builder-el-no-sibling  content-align-middle av-zero-padding'  ><div class='flex_cell_inner'>\n<style type=\"text\/css\" data-created_by=\"avia_inline_auto\" id=\"style-css-av-kabxep2c-2-5693d5948578aa3bd04298892d21e181\">\n#top .hr.hr-invisible.av-kabxep2c-2-5693d5948578aa3bd04298892d21e181{\nheight:50px;\n}\n<\/style>\n<div  class='hr av-kabxep2c-2-5693d5948578aa3bd04298892d21e181 hr-invisible  avia-builder-el-14  avia-builder-el-no-sibling '><span class='hr-inner '><span class=\"hr-inner-style\"><\/span><\/span><\/div>\n<\/div><\/div>\n<\/div><\/p>\n","protected":false},"excerpt":{"rendered":"","protected":false},"author":1,"featured_media":0,"parent":0,"menu_order":0,"comment_status":"closed","ping_status":"closed","template":"","meta":{"_acf_changed":false,"inline_featured_image":false,"footnotes":""},"class_list":["post-12838","page","type-page","status-publish","hentry"],"acf":[],"yoast_head":"<!-- This site is optimized with the Yoast SEO plugin v27.4 - https:\/\/yoast.com\/product\/yoast-seo-wordpress\/ -->\n<title>D\u1ea4U \u1ea4N - Rieckermann<\/title>\n<meta name=\"robots\" content=\"index, follow, max-snippet:-1, max-image-preview:large, max-video-preview:-1\" \/>\n<link rel=\"canonical\" href=\"https:\/\/rieckermann.com\/vi\/imprint\/\" \/>\n<meta property=\"og:locale\" content=\"vi_VN\" \/>\n<meta property=\"og:type\" content=\"article\" \/>\n<meta property=\"og:title\" content=\"D\u1ea4U \u1ea4N - Rieckermann\" \/>\n<meta property=\"og:url\" content=\"https:\/\/rieckermann.com\/vi\/imprint\/\" \/>\n<meta property=\"og:site_name\" content=\"Rieckermann\" \/>\n<meta property=\"article:modified_time\" content=\"2025-07-31T07:13:51+00:00\" \/>\n<meta name=\"twitter:card\" content=\"summary_large_image\" \/>\n<meta name=\"twitter:label1\" content=\"Est. reading time\" \/>\n\t<meta name=\"twitter:data1\" content=\"5 minutes\" \/>\n<script type=\"application\/ld+json\" class=\"yoast-schema-graph\">{\"@context\":\"https:\\\/\\\/schema.org\",\"@graph\":[{\"@type\":\"WebPage\",\"@id\":\"https:\\\/\\\/rieckermann.com\\\/vi\\\/imprint\\\/\",\"url\":\"https:\\\/\\\/rieckermann.com\\\/vi\\\/imprint\\\/\",\"name\":\"D\u1ea4U \u1ea4N - Rieckermann\",\"isPartOf\":{\"@id\":\"https:\\\/\\\/rieckermann.com\\\/vi\\\/#website\"},\"datePublished\":\"2020-07-29T02:50:26+00:00\",\"dateModified\":\"2025-07-31T07:13:51+00:00\",\"breadcrumb\":{\"@id\":\"https:\\\/\\\/rieckermann.com\\\/vi\\\/imprint\\\/#breadcrumb\"},\"inLanguage\":\"vi-VN\",\"potentialAction\":[{\"@type\":\"ReadAction\",\"target\":[\"https:\\\/\\\/rieckermann.com\\\/vi\\\/imprint\\\/\"]}]},{\"@type\":\"BreadcrumbList\",\"@id\":\"https:\\\/\\\/rieckermann.com\\\/vi\\\/imprint\\\/#breadcrumb\",\"itemListElement\":[{\"@type\":\"ListItem\",\"position\":1,\"name\":\"Home\",\"item\":\"https:\\\/\\\/rieckermann.com\\\/vi\\\/\"},{\"@type\":\"ListItem\",\"position\":2,\"name\":\"D\u1ea4U \u1ea4N\"}]},{\"@type\":\"WebSite\",\"@id\":\"https:\\\/\\\/rieckermann.com\\\/vi\\\/#website\",\"url\":\"https:\\\/\\\/rieckermann.com\\\/vi\\\/\",\"name\":\"Rieckermann\",\"description\":\"Machinery &amp; Industrial Solution Provider\",\"publisher\":{\"@id\":\"https:\\\/\\\/rieckermann.com\\\/vi\\\/#organization\"},\"potentialAction\":[{\"@type\":\"SearchAction\",\"target\":{\"@type\":\"EntryPoint\",\"urlTemplate\":\"https:\\\/\\\/rieckermann.com\\\/vi\\\/?s={search_term_string}\"},\"query-input\":{\"@type\":\"PropertyValueSpecification\",\"valueRequired\":true,\"valueName\":\"search_term_string\"}}],\"inLanguage\":\"vi-VN\"},{\"@type\":\"Organization\",\"@id\":\"https:\\\/\\\/rieckermann.com\\\/vi\\\/#organization\",\"name\":\"Rieckermann\",\"url\":\"https:\\\/\\\/rieckermann.com\\\/vi\\\/\",\"logo\":{\"@type\":\"ImageObject\",\"inLanguage\":\"vi-VN\",\"@id\":\"https:\\\/\\\/rieckermann.com\\\/vi\\\/#\\\/schema\\\/logo\\\/image\\\/\",\"url\":\"https:\\\/\\\/rieckermann.com\\\/wp-content\\\/uploads\\\/2020\\\/05\\\/rieckermann-logo-rgb-2835x945px-scaled.jpg\",\"contentUrl\":\"https:\\\/\\\/rieckermann.com\\\/wp-content\\\/uploads\\\/2020\\\/05\\\/rieckermann-logo-rgb-2835x945px-scaled.jpg\",\"width\":2560,\"height\":853,\"caption\":\"Rieckermann\"},\"image\":{\"@id\":\"https:\\\/\\\/rieckermann.com\\\/vi\\\/#\\\/schema\\\/logo\\\/image\\\/\"},\"sameAs\":[\"https:\\\/\\\/www.linkedin.com\\\/company\\\/rieckermann\",\"https:\\\/\\\/www.youtube.com\\\/channel\\\/UCJFr9MmsSRKaer5uOr3UeCg\"]}]}<\/script>\n<!-- \/ Yoast SEO plugin. -->","yoast_head_json":{"title":"D\u1ea4U \u1ea4N - Rieckermann","robots":{"index":"index","follow":"follow","max-snippet":"max-snippet:-1","max-image-preview":"max-image-preview:large","max-video-preview":"max-video-preview:-1"},"canonical":"https:\/\/rieckermann.com\/vi\/imprint\/","og_locale":"vi_VN","og_type":"article","og_title":"D\u1ea4U \u1ea4N - Rieckermann","og_url":"https:\/\/rieckermann.com\/vi\/imprint\/","og_site_name":"Rieckermann","article_modified_time":"2025-07-31T07:13:51+00:00","twitter_card":"summary_large_image","twitter_misc":{"Est. reading time":"5 minutes"},"schema":{"@context":"https:\/\/schema.org","@graph":[{"@type":"WebPage","@id":"https:\/\/rieckermann.com\/vi\/imprint\/","url":"https:\/\/rieckermann.com\/vi\/imprint\/","name":"D\u1ea4U \u1ea4N - Rieckermann","isPartOf":{"@id":"https:\/\/rieckermann.com\/vi\/#website"},"datePublished":"2020-07-29T02:50:26+00:00","dateModified":"2025-07-31T07:13:51+00:00","breadcrumb":{"@id":"https:\/\/rieckermann.com\/vi\/imprint\/#breadcrumb"},"inLanguage":"vi-VN","potentialAction":[{"@type":"ReadAction","target":["https:\/\/rieckermann.com\/vi\/imprint\/"]}]},{"@type":"BreadcrumbList","@id":"https:\/\/rieckermann.com\/vi\/imprint\/#breadcrumb","itemListElement":[{"@type":"ListItem","position":1,"name":"Home","item":"https:\/\/rieckermann.com\/vi\/"},{"@type":"ListItem","position":2,"name":"D\u1ea4U \u1ea4N"}]},{"@type":"WebSite","@id":"https:\/\/rieckermann.com\/vi\/#website","url":"https:\/\/rieckermann.com\/vi\/","name":"Rieckermann","description":"Machinery &amp; Industrial Solution Provider","publisher":{"@id":"https:\/\/rieckermann.com\/vi\/#organization"},"potentialAction":[{"@type":"SearchAction","target":{"@type":"EntryPoint","urlTemplate":"https:\/\/rieckermann.com\/vi\/?s={search_term_string}"},"query-input":{"@type":"PropertyValueSpecification","valueRequired":true,"valueName":"search_term_string"}}],"inLanguage":"vi-VN"},{"@type":"Organization","@id":"https:\/\/rieckermann.com\/vi\/#organization","name":"Rieckermann","url":"https:\/\/rieckermann.com\/vi\/","logo":{"@type":"ImageObject","inLanguage":"vi-VN","@id":"https:\/\/rieckermann.com\/vi\/#\/schema\/logo\/image\/","url":"https:\/\/rieckermann.com\/wp-content\/uploads\/2020\/05\/rieckermann-logo-rgb-2835x945px-scaled.jpg","contentUrl":"https:\/\/rieckermann.com\/wp-content\/uploads\/2020\/05\/rieckermann-logo-rgb-2835x945px-scaled.jpg","width":2560,"height":853,"caption":"Rieckermann"},"image":{"@id":"https:\/\/rieckermann.com\/vi\/#\/schema\/logo\/image\/"},"sameAs":["https:\/\/www.linkedin.com\/company\/rieckermann","https:\/\/www.youtube.com\/channel\/UCJFr9MmsSRKaer5uOr3UeCg"]}]}},"_links":{"self":[{"href":"https:\/\/rieckermann.com\/vi\/wp-json\/wp\/v2\/pages\/12838","targetHints":{"allow":["GET"]}}],"collection":[{"href":"https:\/\/rieckermann.com\/vi\/wp-json\/wp\/v2\/pages"}],"about":[{"href":"https:\/\/rieckermann.com\/vi\/wp-json\/wp\/v2\/types\/page"}],"author":[{"embeddable":true,"href":"https:\/\/rieckermann.com\/vi\/wp-json\/wp\/v2\/users\/1"}],"replies":[{"embeddable":true,"href":"https:\/\/rieckermann.com\/vi\/wp-json\/wp\/v2\/comments?post=12838"}],"version-history":[{"count":3,"href":"https:\/\/rieckermann.com\/vi\/wp-json\/wp\/v2\/pages\/12838\/revisions"}],"predecessor-version":[{"id":82181,"href":"https:\/\/rieckermann.com\/vi\/wp-json\/wp\/v2\/pages\/12838\/revisions\/82181"}],"wp:attachment":[{"href":"https:\/\/rieckermann.com\/vi\/wp-json\/wp\/v2\/media?parent=12838"}],"curies":[{"name":"wp","href":"https:\/\/api.w.org\/{rel}","templated":true}]}}